{"id":9,"date":"2020-04-18T12:38:47","date_gmt":"2020-04-18T09:38:47","guid":{"rendered":"https:\/\/tammistowooden.fi\/?page_id=9"},"modified":"2023-01-09T12:44:12","modified_gmt":"2023-01-09T10:44:12","slug":"etusivu","status":"publish","type":"page","link":"https:\/\/tammistowooden.fi\/","title":{"rendered":"Etusivu"},"content":{"rendered":"\t\t<div data-elementor-type=\"wp-page\" data-elementor-id=\"9\" class=\"elementor elementor-9\">\n\t\t\t\t\t\t\t<div class=\"elementor-element elementor-element-74e1af5 e-con-full e-flex e-con e-parent\" data-id=\"74e1af5\" data-element_type=\"container\" data-settings=\"{&quot;background_background&quot;:&quot;classic&quot;,&quot;content_width&quot;:&quot;full&quot;}\" data-core-v316-plus=\"true\">\n\t\t\t\t<div class=\"elementor-element elementor-element-e18fc03 elementor-widget__width-initial elementor-widget elementor-widget-image\" data-id=\"e18fc03\" data-element_type=\"widget\" data-widget_type=\"image.default\">\n\t\t\t\t<div class=\"elementor-widget-container\">\n\t\t\t\t\t\t\t\t\t\t\t\t\t\t\t<img fetchpriority=\"high\" width=\"800\" height=\"864\" src=\"https:\/\/tammistowooden.fi\/wp-content\/uploads\/2022\/09\/Huila_piirros_vektori-948x1024.png\" class=\"attachment-large size-large wp-image-185\" alt=\"\" srcset=\"https:\/\/tammistowooden.fi\/wp-content\/uploads\/2022\/09\/Huila_piirros_vektori-948x1024.png 948w, https:\/\/tammistowooden.fi\/wp-content\/uploads\/2022\/09\/Huila_piirros_vektori-278x300.png 278w, https:\/\/tammistowooden.fi\/wp-content\/uploads\/2022\/09\/Huila_piirros_vektori-768x830.png 768w, https:\/\/tammistowooden.fi\/wp-content\/uploads\/2022\/09\/Huila_piirros_vektori-1422x1536.png 1422w, https:\/\/tammistowooden.fi\/wp-content\/uploads\/2022\/09\/Huila_piirros_vektori-1896x2048.png 1896w\" sizes=\"(max-width: 800px) 100vw, 800px\" \/>\t\t\t\t\t\t\t\t\t\t\t\t\t\t\t<\/div>\n\t\t\t\t<\/div>\n\t\t<div class=\"elementor-element elementor-element-3fd36c6 e-con-full e-flex e-con e-parent\" data-id=\"3fd36c6\" data-element_type=\"container\" data-settings=\"{&quot;content_width&quot;:&quot;full&quot;}\" data-core-v316-plus=\"true\">\n\t\t\t\t<div class=\"elementor-element elementor-element-4eff0b8 elementor-widget elementor-widget-heading\" data-id=\"4eff0b8\" data-element_type=\"widget\" data-widget_type=\"heading.default\">\n\t\t\t\t<div class=\"elementor-widget-container\">\n\t\t\t<h2 class=\"elementor-heading-title elementor-size-default\">TAMMISTO WOODEN<\/h2>\t\t<\/div>\n\t\t\t\t<\/div>\n\t\t\t\t<div class=\"elementor-element elementor-element-77890b4 elementor-widget elementor-widget-heading\" data-id=\"77890b4\" data-element_type=\"widget\" data-widget_type=\"heading.default\">\n\t\t\t\t<div class=\"elementor-widget-container\">\n\t\t\t<h2 class=\"elementor-heading-title elementor-size-default\">HUILA<\/h2>\t\t<\/div>\n\t\t\t\t<\/div>\n\t\t\t\t<\/div>\n\t\t\t\t<\/div>\n\t\t<div class=\"elementor-element elementor-element-7faa7f1 e-flex e-con-boxed e-con e-parent\" data-id=\"7faa7f1\" data-element_type=\"container\" data-settings=\"{&quot;background_background&quot;:&quot;classic&quot;,&quot;content_width&quot;:&quot;boxed&quot;}\" data-core-v316-plus=\"true\">\n\t\t\t\t\t<div class=\"e-con-inner\">\n\t\t\t\t<div class=\"elementor-element elementor-element-8574ff4 elementor-widget elementor-widget-heading\" data-id=\"8574ff4\" data-element_type=\"widget\" data-widget_type=\"heading.default\">\n\t\t\t\t<div class=\"elementor-widget-container\">\n\t\t\t<h2 class=\"elementor-heading-title elementor-size-default\">Huila on huilailuun.<\/h2>\t\t<\/div>\n\t\t\t\t<\/div>\n\t\t\t\t<div class=\"elementor-element elementor-element-2e02fa1 elementor-widget elementor-widget-text-editor\" data-id=\"2e02fa1\" data-element_type=\"widget\" data-widget_type=\"text-editor.default\">\n\t\t\t\t<div class=\"elementor-widget-container\">\n\t\t\t\t\t\t\t<p>Huila on et\u00e4ty\u00f6maja kodin tai m\u00f6kin pihaan.<\/p><p>Huila on joogahuone, piham\u00f6kki, mancave, sheshed, leikkihuone, peliluola.<\/p><p>Huila sopii vuoden ymp\u00e4ri k\u00e4ytett\u00e4v\u00e4ksi, r\u00e4\u00e4t\u00e4l\u00f6it\u00e4v\u00e4ksi ja helpon ratkaisun etsij\u00e4lle.<\/p><p>Huila rakennetaan Hinnerjoella suomalaisesta puusta, aina tilauksesta, sek\u00e4 toimitetaan paikan p\u00e4\u00e4lle haluamasi niemen nokkaan tai pihan per\u00e4lle.<\/p>\t\t\t\t\t\t<\/div>\n\t\t\t\t<\/div>\n\t\t\t\t\t<\/div>\n\t\t\t\t<\/div>\n\t\t<div class=\"elementor-element elementor-element-0f8689e e-con-full e-flex e-con e-parent\" data-id=\"0f8689e\" data-element_type=\"container\" data-settings=\"{&quot;content_width&quot;:&quot;full&quot;}\" data-core-v316-plus=\"true\">\n\t\t<div class=\"elementor-element elementor-element-171b9c7 e-con-full e-flex e-con e-parent\" data-id=\"171b9c7\" data-element_type=\"container\" data-settings=\"{&quot;content_width&quot;:&quot;full&quot;}\" data-core-v316-plus=\"true\">\n\t\t\t\t<div class=\"elementor-element elementor-element-2466855 elementor-widget elementor-widget-text-editor\" data-id=\"2466855\" data-element_type=\"widget\" data-widget_type=\"text-editor.default\">\n\t\t\t\t<div class=\"elementor-widget-container\">\n\t\t\t\t\t\t\t<p>Huila on valmistettu CLT-puusta ja toimitetaan pinnoiltaan k\u00e4sittelem\u00e4tt\u00f6m\u00e4n\u00e4, valmiiksi koottuna. Toiveesta se voidaan esimerkiksi pintak\u00e4sitell\u00e4 suomalaisella Kivipuu-menetelm\u00e4ll\u00e4. Kivipuu-k\u00e4sittely on t\u00e4ysin myrkyt\u00f6n, luonnon omaan fossiloitumisprosessiin perustuva kestopuu, sen ansiosta Huilan pinta on sek\u00e4 \u00e4\u00e4rimm\u00e4isen kest\u00e4v\u00e4, ett\u00e4 paloturvallinen. N\u00e4in k\u00e4sitelty puu patinoituu auringonvalossa kauniin harmaaksi, sit\u00e4 ei tarvitse \u00f6ljyt\u00e4 joten se on k\u00e4yt\u00e4nn\u00f6ss\u00e4 huoltovapaa. Lis\u00e4toiveesta Huilan saa my\u00f6s paneloituna.<\/p>\t\t\t\t\t\t<\/div>\n\t\t\t\t<\/div>\n\t\t\t\t<\/div>\n\t\t<div class=\"elementor-element elementor-element-4e44b8a e-con-full e-flex e-con e-parent\" data-id=\"4e44b8a\" data-element_type=\"container\" data-settings=\"{&quot;content_width&quot;:&quot;full&quot;}\" data-core-v316-plus=\"true\">\n\t\t\t\t<div class=\"elementor-element elementor-element-25ecfb2 elementor-widget-mobile__width-initial elementor-widget elementor-widget-image\" data-id=\"25ecfb2\" data-element_type=\"widget\" data-widget_type=\"image.default\">\n\t\t\t\t<div class=\"elementor-widget-container\">\n\t\t\t\t\t\t\t\t\t\t\t\t\t\t\t<img width=\"1000\" height=\"1000\" src=\"https:\/\/tammistowooden.fi\/wp-content\/uploads\/2022\/09\/Huila1.jpg\" class=\"attachment-full size-full wp-image-478\" alt=\"\" srcset=\"https:\/\/tammistowooden.fi\/wp-content\/uploads\/2022\/09\/Huila1.jpg 1000w, https:\/\/tammistowooden.fi\/wp-content\/uploads\/2022\/09\/Huila1-300x300.jpg 300w, https:\/\/tammistowooden.fi\/wp-content\/uploads\/2022\/09\/Huila1-150x150.jpg 150w, https:\/\/tammistowooden.fi\/wp-content\/uploads\/2022\/09\/Huila1-768x768.jpg 768w\" sizes=\"(max-width: 1000px) 100vw, 1000px\" \/>\t\t\t\t\t\t\t\t\t\t\t\t\t\t\t<\/div>\n\t\t\t\t<\/div>\n\t\t\t\t<\/div>\n\t\t\t\t<\/div>\n\t\t<div class=\"elementor-element elementor-element-587e70e e-con-full e-flex e-con e-parent\" data-id=\"587e70e\" data-element_type=\"container\" data-settings=\"{&quot;content_width&quot;:&quot;full&quot;}\" data-core-v316-plus=\"true\">\n\t\t<div class=\"elementor-element elementor-element-b0ad13f e-con-full e-flex e-con e-parent\" data-id=\"b0ad13f\" data-element_type=\"container\" data-settings=\"{&quot;content_width&quot;:&quot;full&quot;}\" data-core-v316-plus=\"true\">\n\t\t\t\t<div class=\"elementor-element elementor-element-adf2272 elementor-widget-mobile__width-initial elementor-widget elementor-widget-image\" data-id=\"adf2272\" data-element_type=\"widget\" data-widget_type=\"image.default\">\n\t\t\t\t<div class=\"elementor-widget-container\">\n\t\t\t\t\t\t\t\t\t\t\t\t\t\t\t<img width=\"1000\" height=\"1000\" src=\"https:\/\/tammistowooden.fi\/wp-content\/uploads\/2022\/09\/Huila2.png\" class=\"attachment-full size-full wp-image-479\" alt=\"\" srcset=\"https:\/\/tammistowooden.fi\/wp-content\/uploads\/2022\/09\/Huila2.png 1000w, https:\/\/tammistowooden.fi\/wp-content\/uploads\/2022\/09\/Huila2-300x300.png 300w, https:\/\/tammistowooden.fi\/wp-content\/uploads\/2022\/09\/Huila2-150x150.png 150w, https:\/\/tammistowooden.fi\/wp-content\/uploads\/2022\/09\/Huila2-768x768.png 768w\" sizes=\"(max-width: 1000px) 100vw, 1000px\" \/>\t\t\t\t\t\t\t\t\t\t\t\t\t\t\t<\/div>\n\t\t\t\t<\/div>\n\t\t\t\t<\/div>\n\t\t<div class=\"elementor-element elementor-element-f6bba48 e-con-full e-flex e-con e-parent\" data-id=\"f6bba48\" data-element_type=\"container\" data-settings=\"{&quot;content_width&quot;:&quot;full&quot;}\" data-core-v316-plus=\"true\">\n\t\t\t\t<div class=\"elementor-element elementor-element-bb68042 elementor-widget elementor-widget-text-editor\" data-id=\"bb68042\" data-element_type=\"widget\" data-widget_type=\"text-editor.default\">\n\t\t\t\t<div class=\"elementor-widget-container\">\n\t\t\t\t\t\t\t<p>Huila s\u00e4hk\u00f6istet\u00e4\u00e4n ja siihen voidaan my\u00f6s asentaa ilmal\u00e4mp\u00f6pumppu tehokkaan ilmanvaihdon ja l\u00e4mm\u00f6n takaamiseksi.\u00a0<\/p><p><span style=\"font-weight: 400;\">Huilan perustuksiksi tarvitaan tiivistetty hiekkapeti, esimerkiksi kyll\u00e4stettyjen aluspuiden p\u00e4\u00e4lle tai kierrepaalujen varaan.\u00a0 <\/span><\/p>\t\t\t\t\t\t<\/div>\n\t\t\t\t<\/div>\n\t\t\t\t<div class=\"elementor-element elementor-element-42f7593 elementor-widget elementor-widget-heading\" data-id=\"42f7593\" data-element_type=\"widget\" data-widget_type=\"heading.default\">\n\t\t\t\t<div class=\"elementor-widget-container\">\n\t\t\t<h2 class=\"elementor-heading-title elementor-size-default\">Huilaan et tarvitse rakennuslupaa!<\/h2>\t\t<\/div>\n\t\t\t\t<\/div>\n\t\t\t\t<\/div>\n\t\t\t\t<\/div>\n\t\t<div class=\"elementor-element elementor-element-9d1087d e-con-full e-flex e-con e-parent\" data-id=\"9d1087d\" data-element_type=\"container\" data-settings=\"{&quot;content_width&quot;:&quot;full&quot;,&quot;background_background&quot;:&quot;classic&quot;}\" data-core-v316-plus=\"true\">\n\t\t<div class=\"elementor-element elementor-element-6fc10ad e-con-full e-flex e-con e-parent\" data-id=\"6fc10ad\" data-element_type=\"container\" data-settings=\"{&quot;content_width&quot;:&quot;full&quot;}\" data-core-v316-plus=\"true\">\n\t\t\t\t<div class=\"elementor-element elementor-element-abbebfc elementor-widget elementor-widget-heading\" data-id=\"abbebfc\" data-element_type=\"widget\" data-widget_type=\"heading.default\">\n\t\t\t\t<div class=\"elementor-widget-container\">\n\t\t\t<h5 class=\"elementor-heading-title elementor-size-default\">Huilan mitat<\/h5>\t\t<\/div>\n\t\t\t\t<\/div>\n\t\t\t\t<div class=\"elementor-element elementor-element-741b624 elementor-widget elementor-widget-heading\" data-id=\"741b624\" data-element_type=\"widget\" data-widget_type=\"heading.default\">\n\t\t\t\t<div class=\"elementor-widget-container\">\n\t\t\t<span class=\"elementor-heading-title elementor-size-default\">(ensin ulko, sitten sis\u00e4mitta, cm) <\/span>\t\t<\/div>\n\t\t\t\t<\/div>\n\t\t\t\t<div class=\"elementor-element elementor-element-633402b elementor-icon-list--layout-traditional elementor-list-item-link-full_width elementor-widget elementor-widget-icon-list\" data-id=\"633402b\" data-element_type=\"widget\" data-widget_type=\"icon-list.default\">\n\t\t\t\t<div class=\"elementor-widget-container\">\n\t\t\t\t\t<ul class=\"elementor-icon-list-items\">\n\t\t\t\t\t\t\t<li class=\"elementor-icon-list-item\">\n\t\t\t\t\t\t\t\t\t\t\t<span class=\"elementor-icon-list-icon\">\n\t\t\t\t\t\t\t<i aria-hidden=\"true\" class=\"fas fa-asterisk\"><\/i>\t\t\t\t\t\t<\/span>\n\t\t\t\t\t\t\t\t\t\t<span class=\"elementor-icon-list-text\">P\u00e4\u00e4dyn leveys: 223 \/ 205<\/span>\n\t\t\t\t\t\t\t\t\t<\/li>\n\t\t\t\t\t\t\t\t<li class=\"elementor-icon-list-item\">\n\t\t\t\t\t\t\t\t\t\t\t<span class=\"elementor-icon-list-icon\">\n\t\t\t\t\t\t\t<i aria-hidden=\"true\" class=\"fas fa-asterisk\"><\/i>\t\t\t\t\t\t<\/span>\n\t\t\t\t\t\t\t\t\t\t<span class=\"elementor-icon-list-text\">Sivun pituus     480,450<\/span>\n\t\t\t\t\t\t\t\t\t<\/li>\n\t\t\t\t\t\t\t\t<li class=\"elementor-icon-list-item\">\n\t\t\t\t\t\t\t\t\t\t\t<span class=\"elementor-icon-list-icon\">\n\t\t\t\t\t\t\t<i aria-hidden=\"true\" class=\"fas fa-asterisk\"><\/i>\t\t\t\t\t\t<\/span>\n\t\t\t\t\t\t\t\t\t\t<span class=\"elementor-icon-list-text\">Sivun korkeus  230,220<\/span>\n\t\t\t\t\t\t\t\t\t<\/li>\n\t\t\t\t\t\t\t\t<li class=\"elementor-icon-list-item\">\n\t\t\t\t\t\t\t\t\t\t\t<span class=\"elementor-icon-list-icon\">\n\t\t\t\t\t\t\t<i aria-hidden=\"true\" class=\"fas fa-asterisk\"><\/i>\t\t\t\t\t\t<\/span>\n\t\t\t\t\t\t\t\t\t\t<span class=\"elementor-icon-list-text\">Harjakorkeus   345,320<\/span>\n\t\t\t\t\t\t\t\t\t<\/li>\n\t\t\t\t\t\t\t\t<li class=\"elementor-icon-list-item\">\n\t\t\t\t\t\t\t\t\t\t\t<span class=\"elementor-icon-list-icon\">\n\t\t\t\t\t\t\t<i aria-hidden=\"true\" class=\"fas fa-asterisk\"><\/i>\t\t\t\t\t\t<\/span>\n\t\t\t\t\t\t\t\t\t\t<span class=\"elementor-icon-list-text\">Ikkuna-aukko (valo)     205 x 205<\/span>\n\t\t\t\t\t\t\t\t\t<\/li>\n\t\t\t\t\t\t\t\t<li class=\"elementor-icon-list-item\">\n\t\t\t\t\t\t\t\t\t\t\t<span class=\"elementor-icon-list-icon\">\n\t\t\t\t\t\t\t<i aria-hidden=\"true\" class=\"fas fa-asterisk\"><\/i>\t\t\t\t\t\t<\/span>\n\t\t\t\t\t\t\t\t\t\t<span class=\"elementor-icon-list-text\">Oviaukko                         80x190\u00fc<\/span>\n\t\t\t\t\t\t\t\t\t<\/li>\n\t\t\t\t\t\t<\/ul>\n\t\t\t\t<\/div>\n\t\t\t\t<\/div>\n\t\t\t\t<\/div>\n\t\t<div class=\"elementor-element elementor-element-946161a e-con-full e-flex e-con e-parent\" data-id=\"946161a\" data-element_type=\"container\" data-settings=\"{&quot;content_width&quot;:&quot;full&quot;}\" data-core-v316-plus=\"true\">\n\t\t\t\t<div class=\"elementor-element elementor-element-afb73c5 elementor-widget elementor-widget-image\" data-id=\"afb73c5\" data-element_type=\"widget\" data-widget_type=\"image.default\">\n\t\t\t\t<div class=\"elementor-widget-container\">\n\t\t\t\t\t\t\t\t\t\t\t\t\t\t\t<img loading=\"lazy\" width=\"800\" height=\"596\" src=\"https:\/\/tammistowooden.fi\/wp-content\/uploads\/2022\/09\/Screenshot-2022-08-29-at-13.29.15-1-1024x763.jpg\" class=\"attachment-large size-large wp-image-74\" alt=\"\" srcset=\"https:\/\/tammistowooden.fi\/wp-content\/uploads\/2022\/09\/Screenshot-2022-08-29-at-13.29.15-1-1024x763.jpg 1024w, https:\/\/tammistowooden.fi\/wp-content\/uploads\/2022\/09\/Screenshot-2022-08-29-at-13.29.15-1-300x224.jpg 300w, https:\/\/tammistowooden.fi\/wp-content\/uploads\/2022\/09\/Screenshot-2022-08-29-at-13.29.15-1-768x572.jpg 768w, https:\/\/tammistowooden.fi\/wp-content\/uploads\/2022\/09\/Screenshot-2022-08-29-at-13.29.15-1.jpg 1102w\" sizes=\"(max-width: 800px) 100vw, 800px\" \/>\t\t\t\t\t\t\t\t\t\t\t\t\t\t\t<\/div>\n\t\t\t\t<\/div>\n\t\t\t\t<\/div>\n\t\t\t\t<\/div>\n\t\t<div class=\"elementor-element elementor-element-f676cb3 elementor-hidden-desktop elementor-hidden-tablet e-flex e-con-boxed e-con e-parent\" data-id=\"f676cb3\" data-element_type=\"container\" data-settings=\"{&quot;content_width&quot;:&quot;boxed&quot;}\" data-core-v316-plus=\"true\">\n\t\t\t\t\t<div class=\"e-con-inner\">\n\t\t\t\t<div class=\"elementor-element elementor-element-79b6773 elementor-widget elementor-widget-image\" data-id=\"79b6773\" data-element_type=\"widget\" data-widget_type=\"image.default\">\n\t\t\t\t<div class=\"elementor-widget-container\">\n\t\t\t\t\t\t\t\t\t\t\t\t\t\t\t<img loading=\"lazy\" width=\"800\" height=\"600\" src=\"https:\/\/tammistowooden.fi\/wp-content\/uploads\/2022\/09\/Huila-sisa\u0308lta\u0308-1-1024x768.jpg\" class=\"attachment-large size-large wp-image-49\" alt=\"Huila sisa\u0308lta\u0308 1\" srcset=\"https:\/\/tammistowooden.fi\/wp-content\/uploads\/2022\/09\/Huila-sisa\u0308lta\u0308-1-1024x768.jpg 1024w, https:\/\/tammistowooden.fi\/wp-content\/uploads\/2022\/09\/Huila-sisa\u0308lta\u0308-1-300x225.jpg 300w, https:\/\/tammistowooden.fi\/wp-content\/uploads\/2022\/09\/Huila-sisa\u0308lta\u0308-1-768x576.jpg 768w, https:\/\/tammistowooden.fi\/wp-content\/uploads\/2022\/09\/Huila-sisa\u0308lta\u0308-1-1536x1152.jpg 1536w, https:\/\/tammistowooden.fi\/wp-content\/uploads\/2022\/09\/Huila-sisa\u0308lta\u0308-1.jpg 2025w\" sizes=\"(max-width: 800px) 100vw, 800px\" \/>\t\t\t\t\t\t\t\t\t\t\t\t\t\t\t<\/div>\n\t\t\t\t<\/div>\n\t\t\t\t<div class=\"elementor-element elementor-element-b0f4d70 elementor-widget elementor-widget-image\" data-id=\"b0f4d70\" data-element_type=\"widget\" data-widget_type=\"image.default\">\n\t\t\t\t<div class=\"elementor-widget-container\">\n\t\t\t\t\t\t\t\t\t\t\t\t\t\t\t<img loading=\"lazy\" width=\"800\" height=\"600\" src=\"https:\/\/tammistowooden.fi\/wp-content\/uploads\/2022\/09\/Huila-sisa\u0308lta\u0308-2-1024x768.jpg\" class=\"attachment-large size-large wp-image-50\" alt=\"Huila sisa\u0308lta\u0308 2\" srcset=\"https:\/\/tammistowooden.fi\/wp-content\/uploads\/2022\/09\/Huila-sisa\u0308lta\u0308-2-1024x768.jpg 1024w, https:\/\/tammistowooden.fi\/wp-content\/uploads\/2022\/09\/Huila-sisa\u0308lta\u0308-2-300x225.jpg 300w, https:\/\/tammistowooden.fi\/wp-content\/uploads\/2022\/09\/Huila-sisa\u0308lta\u0308-2-768x576.jpg 768w, https:\/\/tammistowooden.fi\/wp-content\/uploads\/2022\/09\/Huila-sisa\u0308lta\u0308-2-1536x1152.jpg 1536w, https:\/\/tammistowooden.fi\/wp-content\/uploads\/2022\/09\/Huila-sisa\u0308lta\u0308-2.jpg 1605w\" sizes=\"(max-width: 800px) 100vw, 800px\" \/>\t\t\t\t\t\t\t\t\t\t\t\t\t\t\t<\/div>\n\t\t\t\t<\/div>\n\t\t\t\t<div class=\"elementor-element elementor-element-a5f3920 elementor-widget elementor-widget-image\" data-id=\"a5f3920\" data-element_type=\"widget\" data-widget_type=\"image.default\">\n\t\t\t\t<div class=\"elementor-widget-container\">\n\t\t\t\t\t\t\t\t\t\t\t\t\t\t\t<img loading=\"lazy\" width=\"800\" height=\"600\" src=\"https:\/\/tammistowooden.fi\/wp-content\/uploads\/2022\/09\/Huila-sisa\u0308lta\u0308-3-1024x768.jpg\" class=\"attachment-large size-large wp-image-51\" alt=\"Huila sisa\u0308lta\u0308 3\" srcset=\"https:\/\/tammistowooden.fi\/wp-content\/uploads\/2022\/09\/Huila-sisa\u0308lta\u0308-3-1024x768.jpg 1024w, https:\/\/tammistowooden.fi\/wp-content\/uploads\/2022\/09\/Huila-sisa\u0308lta\u0308-3-300x225.jpg 300w, https:\/\/tammistowooden.fi\/wp-content\/uploads\/2022\/09\/Huila-sisa\u0308lta\u0308-3-768x576.jpg 768w, https:\/\/tammistowooden.fi\/wp-content\/uploads\/2022\/09\/Huila-sisa\u0308lta\u0308-3-1536x1152.jpg 1536w, https:\/\/tammistowooden.fi\/wp-content\/uploads\/2022\/09\/Huila-sisa\u0308lta\u0308-3.jpg 2014w\" sizes=\"(max-width: 800px) 100vw, 800px\" \/>\t\t\t\t\t\t\t\t\t\t\t\t\t\t\t<\/div>\n\t\t\t\t<\/div>\n\t\t\t\t<div class=\"elementor-element elementor-element-206df6c elementor-widget elementor-widget-image\" data-id=\"206df6c\" data-element_type=\"widget\" data-widget_type=\"image.default\">\n\t\t\t\t<div class=\"elementor-widget-container\">\n\t\t\t\t\t\t\t\t\t\t\t\t\t\t\t<img loading=\"lazy\" width=\"577\" height=\"432\" src=\"https:\/\/tammistowooden.fi\/wp-content\/uploads\/2022\/09\/Huila_ulkoa_1-removebg-preview.png\" class=\"attachment-large size-large wp-image-72\" alt=\"Huila_ulkoa_1\" srcset=\"https:\/\/tammistowooden.fi\/wp-content\/uploads\/2022\/09\/Huila_ulkoa_1-removebg-preview.png 577w, https:\/\/tammistowooden.fi\/wp-content\/uploads\/2022\/09\/Huila_ulkoa_1-removebg-preview-300x225.png 300w\" sizes=\"(max-width: 577px) 100vw, 577px\" \/>\t\t\t\t\t\t\t\t\t\t\t\t\t\t\t<\/div>\n\t\t\t\t<\/div>\n\t\t\t\t<div class=\"elementor-element elementor-element-61150b1 elementor-widget elementor-widget-image\" data-id=\"61150b1\" data-element_type=\"widget\" data-widget_type=\"image.default\">\n\t\t\t\t<div class=\"elementor-widget-container\">\n\t\t\t\t\t\t\t\t\t\t\t\t\t\t\t<img loading=\"lazy\" width=\"800\" height=\"600\" src=\"https:\/\/tammistowooden.fi\/wp-content\/uploads\/2022\/09\/Huila-ulkoa-2-1024x768.png\" class=\"attachment-large size-large wp-image-308\" alt=\"Huila ulkoa 2\" srcset=\"https:\/\/tammistowooden.fi\/wp-content\/uploads\/2022\/09\/Huila-ulkoa-2-1024x768.png 1024w, https:\/\/tammistowooden.fi\/wp-content\/uploads\/2022\/09\/Huila-ulkoa-2-300x225.png 300w, https:\/\/tammistowooden.fi\/wp-content\/uploads\/2022\/09\/Huila-ulkoa-2-768x576.png 768w, https:\/\/tammistowooden.fi\/wp-content\/uploads\/2022\/09\/Huila-ulkoa-2-1536x1152.png 1536w, https:\/\/tammistowooden.fi\/wp-content\/uploads\/2022\/09\/Huila-ulkoa-2-2048x1536.png 2048w\" sizes=\"(max-width: 800px) 100vw, 800px\" \/>\t\t\t\t\t\t\t\t\t\t\t\t\t\t\t<\/div>\n\t\t\t\t<\/div>\n\t\t\t\t\t<\/div>\n\t\t\t\t<\/div>\n\t\t<div class=\"elementor-element elementor-element-ba320dc e-con-full elementor-hidden-mobile e-flex e-con e-parent\" data-id=\"ba320dc\" data-element_type=\"container\" data-settings=\"{&quot;content_width&quot;:&quot;full&quot;}\" data-core-v316-plus=\"true\">\n\t\t\t\t<\/div>\n\t\t\t\t\t\t\t<\/div>\n\t\t","protected":false},"excerpt":{"rendered":"<p>TAMMISTO WOODEN HUILA Huila on huilailuun. Huila on et\u00e4ty\u00f6maja kodin tai m\u00f6kin pihaan. Huila on joogahuone, piham\u00f6kki, mancave, sheshed, leikkihuone, peliluola. Huila sopii vuoden ymp\u00e4ri k\u00e4ytett\u00e4v\u00e4ksi, r\u00e4\u00e4t\u00e4l\u00f6it\u00e4v\u00e4ksi ja helpon ratkaisun etsij\u00e4lle. Huila rakennetaan Hinnerjoella suomalaisesta puusta, aina tilauksesta, sek\u00e4 toimitetaan paikan p\u00e4\u00e4lle haluamasi niemen nokkaan tai pihan per\u00e4lle. Huila on valmistettu CLT-puusta ja toimitetaan pinnoiltaan [&hellip;]<\/p>\n","protected":false},"author":1,"featured_media":0,"parent":0,"menu_order":0,"comment_status":"closed","ping_status":"closed","template":"","meta":[],"_links":{"self":[{"href":"https:\/\/tammistowooden.fi\/index.php\/wp-json\/wp\/v2\/pages\/9"}],"collection":[{"href":"https:\/\/tammistowooden.fi\/index.php\/wp-json\/wp\/v2\/pages"}],"about":[{"href":"https:\/\/tammistowooden.fi\/index.php\/wp-json\/wp\/v2\/types\/page"}],"author":[{"embeddable":true,"href":"https:\/\/tammistowooden.fi\/index.php\/wp-json\/wp\/v2\/users\/1"}],"replies":[{"embeddable":true,"href":"https:\/\/tammistowooden.fi\/index.php\/wp-json\/wp\/v2\/comments?post=9"}],"version-history":[{"count":384,"href":"https:\/\/tammistowooden.fi\/index.php\/wp-json\/wp\/v2\/pages\/9\/revisions"}],"predecessor-version":[{"id":515,"href":"https:\/\/tammistowooden.fi\/index.php\/wp-json\/wp\/v2\/pages\/9\/revisions\/515"}],"wp:attachment":[{"href":"https:\/\/tammistowooden.fi\/index.php\/wp-json\/wp\/v2\/media?parent=9"}],"curies":[{"name":"wp","href":"https:\/\/api.w.org\/{rel}","templated":true}]}}